{"id":462,"date":"2023-10-11T22:49:06","date_gmt":"2023-10-11T22:49:06","guid":{"rendered":"https:\/\/techsor.pl\/?page_id=462"},"modified":"2025-08-08T11:59:05","modified_gmt":"2025-08-08T11:59:05","slug":"serwis-konsol-lodz","status":"publish","type":"page","link":"https:\/\/techsor.pl\/index.php\/serwis-konsol-lodz\/","title":{"rendered":"Serwis konsol \u0141\u00f3d\u017a"},"content":{"rendered":"<div class=\"wp-block-image\">\n<figure class=\"alignleft size-large is-resized\"><img loading=\"lazy\" decoding=\"async\" width=\"683\" height=\"1024\" src=\"https:\/\/techsor.pl\/wp-content\/uploads\/2025\/08\/pexels-polina-tankilevitch-4523020-683x1024.jpg\" alt=\"\" class=\"wp-image-513\" style=\"width:460px;height:auto\" srcset=\"https:\/\/techsor.pl\/wp-content\/uploads\/2025\/08\/pexels-polina-tankilevitch-4523020-683x1024.jpg 683w, https:\/\/techsor.pl\/wp-content\/uploads\/2025\/08\/pexels-polina-tankilevitch-4523020-200x300.jpg 200w, https:\/\/techsor.pl\/wp-content\/uploads\/2025\/08\/pexels-polina-tankilevitch-4523020-768x1152.jpg 768w, https:\/\/techsor.pl\/wp-content\/uploads\/2025\/08\/pexels-polina-tankilevitch-4523020-1024x1536.jpg 1024w, https:\/\/techsor.pl\/wp-content\/uploads\/2025\/08\/pexels-polina-tankilevitch-4523020-1365x2048.jpg 1365w, https:\/\/techsor.pl\/wp-content\/uploads\/2025\/08\/pexels-polina-tankilevitch-4523020-scaled.jpg 1707w\" sizes=\"auto, (max-width: 683px) 100vw, 683px\" \/><\/figure>\n<\/div>\n\n\n<p><strong>Naprawa zasilania:<\/strong> Us\u0142uga obejmuj\u0105ca napraw\u0119 lub wymian\u0119 zasilacza, je\u015bli konsola nie w\u0142\u0105cza si\u0119 lub traci zasilanie.<\/p>\n\n\n\n<p><strong>Naprawa port\u00f3w:<\/strong> Uszkodzone porty USB, HDMI, Ethernet czy inne mo\u017cna naprawi\u0107 lub wymieni\u0107.<\/p>\n\n\n\n<p><strong>Naprawa uk\u0142ad\u00f3w ch\u0142odzenia:<\/strong> Wymiana pasty termoprzewodz\u0105cej, naprawa wentylator\u00f3w i system\u00f3w ch\u0142odzenia, aby zapewni\u0107 odpowiedni\u0105 temperatur\u0119 pracy konsoli.<\/p>\n\n\n\n<p><strong>Naprawa kontroler\u00f3w:<\/strong> Us\u0142uga obejmuj\u0105ca napraw\u0119 kontroler\u00f3w, driftuj\u0105cych analog\u00f3w.<\/p>\n\n\n\n<p><strong>Naprawa wyj\u015bcia wideo:<\/strong> Wymiana port\u00f3w HDMI lub innych wyj\u015b\u0107 wideo, je\u015bli nie wy\u015bwietlaj\u0105 obrazu na telewizorze.<\/p>\n\n\n\n<p><\/p>\n","protected":false},"excerpt":{"rendered":"<p>Naprawa zasilania: Us\u0142uga obejmuj\u0105ca napraw\u0119 lub wymian\u0119 zasilacza, je\u015bli konsola nie w\u0142\u0105cza si\u0119 lub traci zasilanie. Naprawa port\u00f3w: Uszkodzone porty USB, HDMI, Ethernet czy inne mo\u017cna naprawi\u0107 lub wymieni\u0107. Naprawa uk\u0142ad\u00f3w ch\u0142odzenia: Wymiana pasty termoprzewodz\u0105cej, naprawa wentylator\u00f3w i system\u00f3w ch\u0142odzenia, aby zapewni\u0107 odpowiedni\u0105 temperatur\u0119 pracy konsoli. Naprawa kontroler\u00f3w: Us\u0142uga obejmuj\u0105ca napraw\u0119 kontroler\u00f3w, driftuj\u0105cych analog\u00f3w. Naprawa&hellip;&nbsp;<a href=\"https:\/\/techsor.pl\/index.php\/serwis-konsol-lodz\/\" class=\"\" rel=\"bookmark\">Czytaj dalej &raquo;<span class=\"screen-reader-text\">Serwis konsol \u0141\u00f3d\u017a<\/span><\/a><\/p>\n","protected":false},"author":1,"featured_media":0,"parent":0,"menu_order":0,"comment_status":"closed","ping_status":"closed","template":"","meta":{"neve_meta_sidebar":"","neve_meta_container":"","neve_meta_enable_content_width":"","neve_meta_content_width":0,"neve_meta_title_alignment":"","neve_meta_author_avatar":"","neve_post_elements_order":"","neve_meta_disable_header":"","neve_meta_disable_footer":"","neve_meta_disable_title":"","_themeisle_gutenberg_block_has_review":false,"footnotes":""},"class_list":["post-462","page","type-page","status-publish","hentry"],"_links":{"self":[{"href":"https:\/\/techsor.pl\/index.php\/wp-json\/wp\/v2\/pages\/462","targetHints":{"allow":["GET"]}}],"collection":[{"href":"https:\/\/techsor.pl\/index.php\/wp-json\/wp\/v2\/pages"}],"about":[{"href":"https:\/\/techsor.pl\/index.php\/wp-json\/wp\/v2\/types\/page"}],"author":[{"embeddable":true,"href":"https:\/\/techsor.pl\/index.php\/wp-json\/wp\/v2\/users\/1"}],"replies":[{"embeddable":true,"href":"https:\/\/techsor.pl\/index.php\/wp-json\/wp\/v2\/comments?post=462"}],"version-history":[{"count":5,"href":"https:\/\/techsor.pl\/index.php\/wp-json\/wp\/v2\/pages\/462\/revisions"}],"predecessor-version":[{"id":515,"href":"https:\/\/techsor.pl\/index.php\/wp-json\/wp\/v2\/pages\/462\/revisions\/515"}],"wp:attachment":[{"href":"https:\/\/techsor.pl\/index.php\/wp-json\/wp\/v2\/media?parent=462"}],"curies":[{"name":"wp","href":"https:\/\/api.w.org\/{rel}","templated":true}]}}